{"id":42,"date":"2012-04-30T19:55:30","date_gmt":"2012-04-30T17:55:30","guid":{"rendered":"http:\/\/junge-herzen-bayern.com\/?page_id=42"},"modified":"2018-12-14T13:47:01","modified_gmt":"2018-12-14T12:47:01","slug":"mitgliedschaft","status":"publish","type":"page","link":"https:\/\/junge-herzen-bayern.com\/?page_id=42","title":{"rendered":"Mitgliedschaft"},"content":{"rendered":"<p>Leider k\u00f6nnen wir aus sicherheitstechnischen Gr\u00fcnden keine Mitgliedsantr\u00e4ge online entgegennehmen.<\/p>\n<p><a href=\"https:\/\/junge-herzen-bayern.com\/wp-content\/uploads\/2016\/05\/160525_Mitgliedsantrag.pdf\"><img decoding=\"async\" loading=\"lazy\" class=\"size-full wp-image-45 aligncenter\" title=\"pdfload\" src=\"https:\/\/junge-herzen-bayern.com\/wp-content\/uploads\/2012\/04\/pdfload.png\" alt=\"\" width=\"206\" height=\"77\" \/><\/a><\/p>\n<p>Bitte drucken Sie den Mitgliedsantrag aus und senden ihn an:<\/p>\n<p>JUNGE HERZEN BAYERN<\/p>\n<p>Michael Brandmayer<br \/>\nHolzfeldstr. 24<br \/>\n85457 H\u00f6rlkofen<\/p>\n","protected":false},"excerpt":{"rendered":"<p>Leider k\u00f6nnen wir aus sicherheitstechnischen Gr\u00fcnden keine Mitgliedsantr\u00e4ge online entgegennehmen. Bitte drucken Sie den Mitgliedsantrag aus und senden ihn an: JUNGE HERZEN BAYERN Michael Brandmayer Holzfeldstr. 24 85457 H\u00f6rlkofen<\/p>\n","protected":false},"author":1,"featured_media":0,"parent":0,"menu_order":6,"comment_status":"closed","ping_status":"closed","template":"","meta":{"footnotes":""},"_links":{"self":[{"href":"https:\/\/junge-herzen-bayern.com\/index.php?rest_route=\/wp\/v2\/pages\/42"}],"collection":[{"href":"https:\/\/junge-herzen-bayern.com\/index.php?rest_route=\/wp\/v2\/pages"}],"about":[{"href":"https:\/\/junge-herzen-bayern.com\/index.php?rest_route=\/wp\/v2\/types\/page"}],"author":[{"embeddable":true,"href":"https:\/\/junge-herzen-bayern.com\/index.php?rest_route=\/wp\/v2\/users\/1"}],"replies":[{"embeddable":true,"href":"https:\/\/junge-herzen-bayern.com\/index.php?rest_route=%2Fwp%2Fv2%2Fcomments&post=42"}],"version-history":[{"count":18,"href":"https:\/\/junge-herzen-bayern.com\/index.php?rest_route=\/wp\/v2\/pages\/42\/revisions"}],"predecessor-version":[{"id":950,"href":"https:\/\/junge-herzen-bayern.com\/index.php?rest_route=\/wp\/v2\/pages\/42\/revisions\/950"}],"wp:attachment":[{"href":"https:\/\/junge-herzen-bayern.com\/index.php?rest_route=%2Fwp%2Fv2%2Fmedia&parent=42"}],"curies":[{"name":"wp","href":"https:\/\/api.w.org\/{rel}","templated":true}]}}