{"id":65,"date":"2012-04-30T20:16:07","date_gmt":"2012-04-30T20:16:07","guid":{"rendered":"http:\/\/junge-herzen-bayern.com\/?page_id=65"},"modified":"2026-04-01T21:12:21","modified_gmt":"2026-04-01T19:12:21","slug":"impressum","status":"publish","type":"page","link":"https:\/\/junge-herzen-bayern.com\/?page_id=65","title":{"rendered":"Impressum"},"content":{"rendered":"<p><strong>Postanschrift<\/strong><br \/>\nJunge Herzen Bayern (JuHBay)<br \/>\nVerein f\u00fcr Familien herzkranker Kinder und Jugendlicher in Bayern<br \/>\nc\/o Michael Brandmayer<br \/>\nHolzfeldstr. 24<br \/>\n85457 H\u00f6rlkofen<br \/>\n<strong>Telefon:<\/strong> 08122 \/ 956322<br \/>\n<strong>E-Mail:<\/strong> info@junge-herzen-bayern.com<br \/>\n<strong>Internet:<\/strong> www.junge-herzen-bayern.com<\/p>\n<p><strong>Vertretungsberechtigter Vorstand<\/strong><br \/>\nCorinna Schwarz<br \/>\ncorinna.schwarz@junge-herzen-bayern.com<\/p>\n<p><strong>2. Vorsitzender<\/strong><br \/>\nMichael Brandmayer<br \/>\nmichael.brandmayer@junge-herzen-bayern.com<\/p>\n<p><strong>Bankverbindung f\u00fcr Spenden<\/strong><br \/>\nBank: Sparkasse Freising<br \/>\nIBAN: DE36700510030025387408<br \/>\nBIC: BYLADEM1FSI<\/p>\n<p><strong>Gemeinn\u00fctzigkeit<\/strong><br \/>\nDer Verein Junge Herzen Bayern ist als gemeinn\u00fctzig anerkannt vom Finanzamt M\u00fcnchen, Abt. K\u00f6rperschaften, 80275 M\u00fcnchen, \u00a0Aktenzeichen 143 \/ 217 \/ 74580 K45.<\/p>\n<p><strong>Urheberrecht<\/strong><br \/>\nS\u00e4mtliche Inhalte dieser Webseite unterliegen dem Urheberrecht.<\/p>\n<p><strong>Inhaltlich Verantwortlicher gem\u00e4\u00df \u00a7 55 Abs. 2 RStV<\/strong><br \/>\nGodeke Harrack<\/p>\n<p><strong>Haftungshinweis<\/strong><br \/>\nTrotz sorgf\u00e4ltiger inhaltlicher Kontrolle \u00fcbernehmen wir keine Haftung f\u00fcr die Inhalte externer Links. F\u00fcr den Inhalt der verlinkten Seiten sind ausschlie\u00dflich deren Betreiber verantwortlich.<\/p>\n<p><strong>Layout und Realisation des Internetauftritts<\/strong><br \/>\ninfo@junge-herzen-bayern.com<\/p>\n","protected":false},"excerpt":{"rendered":"<p>Postanschrift Junge Herzen Bayern (JuHBay) Verein f\u00fcr Familien herzkranker Kinder und Jugendlicher in Bayern c\/o Michael Brandmayer Holzfeldstr. 24 85457 H\u00f6rlkofen Telefon: 08122 \/ 956322 E-Mail: info@junge-herzen-bayern.com Internet: www.junge-herzen-bayern.com Vertretungsberechtigter Vorstand Corinna Schwarz corinna.schwarz@junge-herzen-bayern.com 2. Vorsitzender Michael Brandmayer michael.brandmayer@junge-herzen-bayern.com Bankverbindung &hellip; <a href=\"https:\/\/junge-herzen-bayern.com\/?page_id=65\">Weiterlesen <span class=\"meta-nav\">&rarr;<\/span><\/a><\/p>\n","protected":false},"author":1,"featured_media":0,"parent":0,"menu_order":10,"comment_status":"closed","ping_status":"closed","template":"","meta":{"footnotes":""},"_links":{"self":[{"href":"https:\/\/junge-herzen-bayern.com\/index.php?rest_route=\/wp\/v2\/pages\/65"}],"collection":[{"href":"https:\/\/junge-herzen-bayern.com\/index.php?rest_route=\/wp\/v2\/pages"}],"about":[{"href":"https:\/\/junge-herzen-bayern.com\/index.php?rest_route=\/wp\/v2\/types\/page"}],"author":[{"embeddable":true,"href":"https:\/\/junge-herzen-bayern.com\/index.php?rest_route=\/wp\/v2\/users\/1"}],"replies":[{"embeddable":true,"href":"https:\/\/junge-herzen-bayern.com\/index.php?rest_route=%2Fwp%2Fv2%2Fcomments&post=65"}],"version-history":[{"count":18,"href":"https:\/\/junge-herzen-bayern.com\/index.php?rest_route=\/wp\/v2\/pages\/65\/revisions"}],"predecessor-version":[{"id":1771,"href":"https:\/\/junge-herzen-bayern.com\/index.php?rest_route=\/wp\/v2\/pages\/65\/revisions\/1771"}],"wp:attachment":[{"href":"https:\/\/junge-herzen-bayern.com\/index.php?rest_route=%2Fwp%2Fv2%2Fmedia&parent=65"}],"curies":[{"name":"wp","href":"https:\/\/api.w.org\/{rel}","templated":true}]}}